{"id":116,"date":"2025-07-30T19:31:11","date_gmt":"2025-07-30T19:31:11","guid":{"rendered":"https:\/\/sermetal.com.ar\/?page_id=116"},"modified":"2025-09-15T11:08:22","modified_gmt":"2025-09-15T14:08:22","slug":"contacto","status":"publish","type":"page","link":"https:\/\/sermetal.com.ar\/index.php\/contacto\/","title":{"rendered":"Contacto"},"content":{"rendered":"<p>[et_pb_section fb_built=\u00bb1&#8243; admin_label=\u00bbHero\u00bb _builder_version=\u00bb4.27.4&#8243; use_background_color_gradient=\u00bbon\u00bb background_color_gradient_type=\u00bbcircular\u00bb background_color_gradient_direction_radial=\u00bbtop left\u00bb background_color_gradient_stops=\u00bbrgba(40,40,40,0.79) 0%|rgba(40,40,40,0.86) 100%\u00bb background_color_gradient_overlays_image=\u00bbon\u00bb background_color_gradient_start=\u00bbrgba(40,40,40,0.79)\u00bb background_color_gradient_end=\u00bbrgba(40,40,40,0.86)\u00bb background_image=\u00bbhttps:\/\/sermetal.com.ar\/wp-content\/uploads\/2025\/09\/image-15.jpg\u00bb custom_padding=\u00bb0px||0px||true|false\u00bb global_colors_info=\u00bb{}\u00bb][et_pb_row use_custom_gutter=\u00bbon\u00bb make_equal=\u00bbon\u00bb padding_top_bottom_link_1=\u00bbtrue\u00bb padding_top_bottom_link_2=\u00bbtrue\u00bb padding_left_right_link_1=\u00bbtrue\u00bb padding_left_right_link_2=\u00bbtrue\u00bb background_color_gradient_type_1=\u00bbcircular\u00bb _builder_version=\u00bb4.27.4&#8243; width=\u00bb100%\u00bb max_width=\u00bb100%\u00bb custom_padding=\u00bb0px||0px||true\u00bb use_custom_width=\u00bbon\u00bb width_unit=\u00bboff\u00bb custom_width_percent=\u00bb100%\u00bb global_colors_info=\u00bb{}\u00bb][et_pb_column type=\u00bb4_4&#8243; _builder_version=\u00bb4.16&#8243; background_color_gradient_start=\u00bbrgba(40,40,40,0.79)\u00bb background_color_gradient_end=\u00bbrgba(40,40,40,0.86)\u00bb custom_padding=\u00bb10vw|6vw|10vw|6vw\u00bb custom_padding_tablet=\u00bb10vw|10%|10vw|10%|true|true\u00bb custom_padding_phone=\u00bb10vw|10%|10vw|10%|true|true\u00bb custom_padding_last_edited=\u00bbon|desktop\u00bb global_colors_info=\u00bb{}\u00bb padding_tablet=\u00bb10vw|10%|10vw|10%|true|true\u00bb padding_last_edited=\u00bbon|desktop\u00bb custom_padding__hover=\u00bb|||\u00bb padding_phone=\u00bb10vw|10%|10vw|10%|true|true\u00bb][et_pb_text _builder_version=\u00bb4.27.4&#8243; text_font=\u00bb||||||||\u00bb header_font=\u00bbRubik|700|||||||\u00bb header_font_size=\u00bb64px\u00bb header_line_height=\u00bb1.1em\u00bb background_layout=\u00bbdark\u00bb max_width=\u00bb800px\u00bb custom_margin=\u00bb||0px|\u00bb custom_padding=\u00bb|||16px\u00bb text_font_size_tablet=\u00bb14px\u00bb text_font_size_last_edited=\u00bboff|desktop\u00bb header_font_size_tablet=\u00bb44px\u00bb header_font_size_phone=\u00bb32px\u00bb header_font_size_last_edited=\u00bbon|phone\u00bb border_color_all=\u00bbgcid-primary-color\u00bb border_width_left=\u00bb10px\u00bb global_colors_info=\u00bb{%22gcid-primary-color%22:%91%22border_color_all%22%93}\u00bb]<\/p>\n<h1>Contacto<\/h1>\n<p>[\/et_pb_text][\/et_pb_column][\/et_pb_row][\/et_pb_section][et_pb_section fb_built=\u00bb1&#8243; admin_label=\u00bb Call Us\u00bb _builder_version=\u00bb4.16&#8243; custom_padding=\u00bb20px|0px|20px|0px|true|false\u00bb animation_style=\u00bbslide\u00bb animation_direction=\u00bbtop\u00bb animation_intensity_slide=\u00bb10%\u00bb box_shadow_style=\u00bbpreset3&#8243; box_shadow_vertical=\u00bb10px\u00bb box_shadow_blur=\u00bb105px\u00bb box_shadow_spread=\u00bb0px\u00bb box_shadow_color=\u00bbrgba(0,0,0,0.12)\u00bb global_colors_info=\u00bb{}\u00bb][et_pb_row column_structure=\u00bb2_3,1_3&#8243; _builder_version=\u00bb4.16&#8243; background_color=\u00bb#ffffff\u00bb custom_margin=\u00bb|||\u00bb global_colors_info=\u00bb{}\u00bb][et_pb_column type=\u00bb2_3&#8243; _builder_version=\u00bb4.16&#8243; custom_padding=\u00bb|||\u00bb global_colors_info=\u00bb{}\u00bb custom_padding__hover=\u00bb|||\u00bb][et_pb_text _builder_version=\u00bb4.27.4&#8243; header_font=\u00bb||||||||\u00bb header_2_font=\u00bbRubik|700|||||||\u00bb header_2_text_color=\u00bbgcid-primary-color\u00bb header_2_font_size=\u00bb42px\u00bb header_2_line_height=\u00bb1.2em\u00bb header_4_font=\u00bbRubik||||||||\u00bb header_4_text_color=\u00bbgcid-secondary-color\u00bb header_4_font_size=\u00bb28px\u00bb header_4_line_height=\u00bb1.4em\u00bb header_2_font_size_tablet=\u00bb\u00bb header_2_font_size_phone=\u00bb36px\u00bb header_2_font_size_last_edited=\u00bbon|phone\u00bb global_colors_info=\u00bb{%22gcid-primary-color%22:%91%22header_2_text_color%22%93,%22gcid-secondary-color%22:%91%22header_4_text_color%22%93}\u00bb]<\/p>\n<h2>Llame al: +54 9 3813 363338<\/h2>\n<h4>Estamos listos para hacer realidad su proyecto<\/h4>\n<p>[\/et_pb_text][\/et_pb_column][et_pb_column type=\u00bb1_3&#8243; _builder_version=\u00bb4.16&#8243; custom_padding=\u00bb|||\u00bb global_colors_info=\u00bb{}\u00bb custom_padding__hover=\u00bb|||\u00bb][et_pb_button button_url=\u00bbhttps:\/\/wa.link\/im1ngk\u00bb button_text=\u00bbEVIAR MENSAJE\u00bb _builder_version=\u00bb4.27.4&#8243; custom_button=\u00bbon\u00bb button_text_size=\u00bb14px\u00bb button_text_color=\u00bbgcid-primary-color\u00bb button_border_width=\u00bb4px\u00bb button_border_radius=\u00bb0px\u00bb button_letter_spacing=\u00bb4px\u00bb button_font=\u00bbRubik|700||on|||||\u00bb button_icon=\u00bb&#x24;||divi||400&#8243; custom_padding=\u00bb12px|30px|12px|30px|true|true\u00bb button_text_color_hover=\u00bb#ffffff\u00bb button_border_color_hover=\u00bb#ffb400&#8243; button_bg_color_hover=\u00bb#ffb400&#8243; global_colors_info=\u00bb{%22gcid-primary-color%22:%91%22button_text_color%22,%22button_bg_color__hover%22,%22button_border_color__hover%22%93}\u00bb button_text_size__hover_enabled=\u00bboff\u00bb button_one_text_size__hover_enabled=\u00bboff\u00bb button_two_text_size__hover_enabled=\u00bboff\u00bb button_text_color__hover_enabled=\u00bbon|hover\u00bb button_text_color__hover=\u00bb#ffffff\u00bb button_one_text_color__hover_enabled=\u00bboff\u00bb button_two_text_color__hover_enabled=\u00bboff\u00bb button_border_width__hover_enabled=\u00bboff\u00bb button_one_border_width__hover_enabled=\u00bboff\u00bb button_two_border_width__hover_enabled=\u00bboff\u00bb button_border_color__hover_enabled=\u00bbon|hover\u00bb button_border_color__hover=\u00bb#233b73&#8243; button_one_border_color__hover_enabled=\u00bboff\u00bb button_two_border_color__hover_enabled=\u00bboff\u00bb button_border_radius__hover_enabled=\u00bboff\u00bb button_one_border_radius__hover_enabled=\u00bboff\u00bb button_two_border_radius__hover_enabled=\u00bboff\u00bb button_letter_spacing__hover_enabled=\u00bboff\u00bb button_one_letter_spacing__hover_enabled=\u00bboff\u00bb button_two_letter_spacing__hover_enabled=\u00bboff\u00bb button_bg_color__hover_enabled=\u00bbon\u00bb button_bg_color__hover=\u00bb#233b73&#8243; button_one_bg_color__hover_enabled=\u00bboff\u00bb button_two_bg_color__hover_enabled=\u00bboff\u00bb button_bg_enable_color__hover=\u00bbon\u00bb][\/et_pb_button][\/et_pb_column][\/et_pb_row][\/et_pb_section][et_pb_section fb_built=\u00bb1&#8243; admin_label=\u00bbFAQ\u00bb _builder_version=\u00bb4.16&#8243; background_color=\u00bb#f7f7f7&#8243; global_colors_info=\u00bb{}\u00bb][et_pb_row column_structure=\u00bb1_2,1_2&#8243; _builder_version=\u00bb4.16&#8243; global_colors_info=\u00bb{}\u00bb][et_pb_column type=\u00bb1_2&#8243; _builder_version=\u00bb4.16&#8243; custom_padding=\u00bb|||\u00bb global_colors_info=\u00bb{}\u00bb custom_padding__hover=\u00bb|||\u00bb][et_pb_text _builder_version=\u00bb4.27.4&#8243; text_font=\u00bb||||||||\u00bb header_font=\u00bb||||||||\u00bb header_2_font=\u00bbRubik|700|||||||\u00bb header_2_font_size=\u00bb42px\u00bb header_2_line_height=\u00bb1.2em\u00bb custom_margin=\u00bb|||\u00bb custom_padding=\u00bb|||\u00bb header_2_font_size_tablet=\u00bb\u00bb header_2_font_size_phone=\u00bb36px\u00bb header_2_font_size_last_edited=\u00bbon|phone\u00bb locked=\u00bboff\u00bb global_colors_info=\u00bb{}\u00bb]<\/p>\n<h2>Escr\u00edbenos<\/h2>\n<p>[\/et_pb_text][et_pb_divider color=\u00bbgcid-primary-color\u00bb divider_position=\u00bbcenter\u00bb divider_weight=\u00bb5px\u00bb _builder_version=\u00bb4.27.4&#8243; max_width=\u00bb50px\u00bb locked=\u00bboff\u00bb global_colors_info=\u00bb{%22gcid-primary-color%22:%91%22color%22%93}\u00bb][\/et_pb_divider][et_pb_contact_form captcha=\u00bboff\u00bb email=\u00bbinfo@sermetal.com.ar\u00bb submit_button_text=\u00bbEnviar Mensaje\u00bb module_id=\u00bbet_pb_contact_form_0&#8243; _builder_version=\u00bb4.27.4&#8243; form_field_background_color=\u00bb#ffffff\u00bb title_font=\u00bbArimo|700|||||||\u00bb title_font_size=\u00bb42px\u00bb form_field_font=\u00bbArimo||||||||\u00bb custom_button=\u00bbon\u00bb button_text_size=\u00bb14px\u00bb button_text_color=\u00bbgcid-primary-color\u00bb button_border_width=\u00bb4px\u00bb button_border_radius=\u00bb0px\u00bb button_letter_spacing=\u00bb4px\u00bb button_font=\u00bbArimo|700||on|||||\u00bb button_icon=\u00bb&#x24;||divi||400&#8243; title_font_size_tablet=\u00bb\u00bb title_font_size_phone=\u00bb36px\u00bb title_font_size_last_edited=\u00bbon|phone\u00bb form_background_color=\u00bb#ffffff\u00bb global_colors_info=\u00bb{%22gcid-primary-color%22:%91%22button_text_color%22%93}\u00bb][et_pb_contact_field field_id=\u00bbNombre\u00bb field_title=\u00bbNombre\u00bb fullwidth_field=\u00bbon\u00bb _builder_version=\u00bb4.27.4&#8243; global_colors_info=\u00bb{}\u00bb button_text_size__hover_enabled=\u00bboff\u00bb button_one_text_size__hover_enabled=\u00bboff\u00bb button_two_text_size__hover_enabled=\u00bboff\u00bb button_text_color__hover_enabled=\u00bboff\u00bb button_one_text_color__hover_enabled=\u00bboff\u00bb button_two_text_color__hover_enabled=\u00bboff\u00bb button_border_width__hover_enabled=\u00bboff\u00bb button_one_border_width__hover_enabled=\u00bboff\u00bb button_two_border_width__hover_enabled=\u00bboff\u00bb button_border_color__hover_enabled=\u00bboff\u00bb button_one_border_color__hover_enabled=\u00bboff\u00bb button_two_border_color__hover_enabled=\u00bboff\u00bb button_border_radius__hover_enabled=\u00bboff\u00bb button_one_border_radius__hover_enabled=\u00bboff\u00bb button_two_border_radius__hover_enabled=\u00bboff\u00bb button_letter_spacing__hover_enabled=\u00bboff\u00bb button_one_letter_spacing__hover_enabled=\u00bboff\u00bb button_two_letter_spacing__hover_enabled=\u00bboff\u00bb button_bg_color__hover_enabled=\u00bboff\u00bb button_one_bg_color__hover_enabled=\u00bboff\u00bb button_two_bg_color__hover_enabled=\u00bboff\u00bb][\/et_pb_contact_field][et_pb_contact_field field_id=\u00bbEmail\u00bb field_title=\u00bbEmail\u00bb field_type=\u00bbemail\u00bb fullwidth_field=\u00bbon\u00bb _builder_version=\u00bb4.27.4&#8243; global_colors_info=\u00bb{}\u00bb button_text_size__hover_enabled=\u00bboff\u00bb button_one_text_size__hover_enabled=\u00bboff\u00bb button_two_text_size__hover_enabled=\u00bboff\u00bb button_text_color__hover_enabled=\u00bboff\u00bb button_one_text_color__hover_enabled=\u00bboff\u00bb button_two_text_color__hover_enabled=\u00bboff\u00bb button_border_width__hover_enabled=\u00bboff\u00bb button_one_border_width__hover_enabled=\u00bboff\u00bb button_two_border_width__hover_enabled=\u00bboff\u00bb button_border_color__hover_enabled=\u00bboff\u00bb button_one_border_color__hover_enabled=\u00bboff\u00bb button_two_border_color__hover_enabled=\u00bboff\u00bb button_border_radius__hover_enabled=\u00bboff\u00bb button_one_border_radius__hover_enabled=\u00bboff\u00bb button_two_border_radius__hover_enabled=\u00bboff\u00bb button_letter_spacing__hover_enabled=\u00bboff\u00bb button_one_letter_spacing__hover_enabled=\u00bboff\u00bb button_two_letter_spacing__hover_enabled=\u00bboff\u00bb button_bg_color__hover_enabled=\u00bboff\u00bb button_one_bg_color__hover_enabled=\u00bboff\u00bb button_two_bg_color__hover_enabled=\u00bboff\u00bb][\/et_pb_contact_field][et_pb_contact_field field_id=\u00bbMensaje\u00bb field_title=\u00bbMensaje\u00bb field_type=\u00bbtext\u00bb fullwidth_field=\u00bbon\u00bb _builder_version=\u00bb4.27.4&#8243; global_colors_info=\u00bb{}\u00bb button_text_size__hover_enabled=\u00bboff\u00bb button_one_text_size__hover_enabled=\u00bboff\u00bb button_two_text_size__hover_enabled=\u00bboff\u00bb button_text_color__hover_enabled=\u00bboff\u00bb button_one_text_color__hover_enabled=\u00bboff\u00bb button_two_text_color__hover_enabled=\u00bboff\u00bb button_border_width__hover_enabled=\u00bboff\u00bb button_one_border_width__hover_enabled=\u00bboff\u00bb button_two_border_width__hover_enabled=\u00bboff\u00bb button_border_color__hover_enabled=\u00bboff\u00bb button_one_border_color__hover_enabled=\u00bboff\u00bb button_two_border_color__hover_enabled=\u00bboff\u00bb button_border_radius__hover_enabled=\u00bboff\u00bb button_one_border_radius__hover_enabled=\u00bboff\u00bb button_two_border_radius__hover_enabled=\u00bboff\u00bb button_letter_spacing__hover_enabled=\u00bboff\u00bb button_one_letter_spacing__hover_enabled=\u00bboff\u00bb button_two_letter_spacing__hover_enabled=\u00bboff\u00bb button_bg_color__hover_enabled=\u00bboff\u00bb button_one_bg_color__hover_enabled=\u00bboff\u00bb button_two_bg_color__hover_enabled=\u00bboff\u00bb][\/et_pb_contact_field][\/et_pb_contact_form][\/et_pb_column][et_pb_column type=\u00bb1_2&#8243; _builder_version=\u00bb4.16&#8243; custom_padding=\u00bb|||\u00bb global_colors_info=\u00bb{}\u00bb custom_padding__hover=\u00bb|||\u00bb][et_pb_text _builder_version=\u00bb4.27.4&#8243; header_font=\u00bb||||||||\u00bb header_2_font=\u00bbRubik|700|||||||\u00bb header_2_font_size=\u00bb32px\u00bb header_2_line_height=\u00bb1.2em\u00bb custom_margin=\u00bb|||\u00bb custom_padding=\u00bb|||\u00bb header_2_font_size_last_edited=\u00bboff|desktop\u00bb global_colors_info=\u00bb{}\u00bb]<\/p>\n<h2>Informaci\u00f3n de Contacto<\/h2>\n<p>[\/et_pb_text][et_pb_blurb title=\u00bbDirecci\u00f3n\u00bb use_icon=\u00bbon\u00bb font_icon=\u00bb&#xf276;||fa||900&#8243; icon_color=\u00bbgcid-primary-color\u00bb icon_placement=\u00bbleft\u00bb image_icon_width=\u00bb56px\u00bb content_max_width=\u00bb1100px\u00bb content_max_width_tablet=\u00bb1100px\u00bb content_max_width_last_edited=\u00bboff|desktop\u00bb _builder_version=\u00bb4.27.4&#8243; header_font=\u00bbRubik|700|||||||\u00bb header_text_color=\u00bbgcid-secondary-color\u00bb header_line_height=\u00bb1.4em\u00bb body_font=\u00bb||||||||\u00bb body_text_color=\u00bbgcid-secondary-color\u00bb body_font_size=\u00bb15px\u00bb background_layout=\u00bbdark\u00bb custom_margin=\u00bb|||\u00bb custom_padding=\u00bb|||\u00bb animation_style=\u00bbslide\u00bb animation_direction=\u00bbright\u00bb animation_intensity_slide=\u00bb10%\u00bb animation=\u00bboff\u00bb icon_font_size=\u00bb56px\u00bb global_colors_info=\u00bb{%22gcid-secondary-color%22:%91%22body_text_color%22,%22header_text_color%22%93,%22gcid-primary-color%22:%91%22icon_color%22%93}\u00bb]<\/p>\n<p>Ruta 301 Km 8, San Pablo (CP 4129), Tucum\u00e1n, Argentina<\/p>\n<p>[\/et_pb_blurb][et_pb_blurb title=\u00bbN\u00fameros de WhatsApp\u00bb use_icon=\u00bbon\u00bb font_icon=\u00bb&#xf232;||fa||400&#8243; icon_color=\u00bbgcid-primary-color\u00bb icon_placement=\u00bbleft\u00bb image_icon_width=\u00bb56px\u00bb content_max_width=\u00bb1100px\u00bb content_max_width_tablet=\u00bb1100px\u00bb content_max_width_last_edited=\u00bboff|desktop\u00bb _builder_version=\u00bb4.27.4&#8243; header_font=\u00bbRubik|700|||||||\u00bb header_text_color=\u00bbgcid-secondary-color\u00bb header_line_height=\u00bb1.4em\u00bb body_font=\u00bb||||||||\u00bb body_text_color=\u00bbgcid-secondary-color\u00bb body_font_size=\u00bb15px\u00bb background_layout=\u00bbdark\u00bb custom_margin=\u00bb|||\u00bb custom_padding=\u00bb|||\u00bb animation_style=\u00bbslide\u00bb animation_direction=\u00bbright\u00bb animation_intensity_slide=\u00bb10%\u00bb animation=\u00bboff\u00bb hover_enabled=\u00bb0&#8243; icon_font_size=\u00bb56px\u00bb global_colors_info=\u00bb{%22gcid-secondary-color%22:%91%22body_text_color%22,%22header_text_color%22%93,%22gcid-primary-color%22:%91%22icon_color%22%93}\u00bb sticky_enabled=\u00bb0&#8243;]<\/p>\n<p>+54 9 381 3363338<\/p>\n<p>+54 9 381 4041109<\/p>\n<p>[\/et_pb_blurb][et_pb_blurb title=\u00bbEmail\u00bb use_icon=\u00bbon\u00bb font_icon=\u00bb&#xf0e0;||fa||900&#8243; icon_color=\u00bbgcid-primary-color\u00bb icon_placement=\u00bbleft\u00bb image_icon_width=\u00bb56px\u00bb content_max_width=\u00bb1100px\u00bb content_max_width_tablet=\u00bb1100px\u00bb content_max_width_last_edited=\u00bboff|desktop\u00bb _builder_version=\u00bb4.27.4&#8243; header_font=\u00bbRubik|700|||||||\u00bb header_text_color=\u00bbgcid-secondary-color\u00bb header_line_height=\u00bb1.4em\u00bb body_font=\u00bb||||||||\u00bb body_text_color=\u00bbgcid-secondary-color\u00bb body_font_size=\u00bb15px\u00bb background_layout=\u00bbdark\u00bb custom_margin=\u00bb|||\u00bb custom_padding=\u00bb|||\u00bb animation_style=\u00bbslide\u00bb animation_direction=\u00bbright\u00bb animation_intensity_slide=\u00bb10%\u00bb animation=\u00bboff\u00bb icon_font_size=\u00bb56px\u00bb global_colors_info=\u00bb{%22gcid-secondary-color%22:%91%22body_text_color%22,%22header_text_color%22%93,%22gcid-primary-color%22:%91%22icon_color%22%93}\u00bb]<\/p>\n<p>info@sermetal.com.ar<\/p>\n<p>[\/et_pb_blurb][et_pb_social_media_follow _builder_version=\u00bb4.16&#8243; text_orientation=\u00bbleft\u00bb custom_padding=\u00bb|||\u00bb locked=\u00bboff\u00bb global_colors_info=\u00bb{}\u00bb][et_pb_social_media_follow_network social_network=\u00bbfacebook\u00bb _builder_version=\u00bb4.16&#8243; custom_padding=\u00bb|10px||10px||true\u00bb global_colors_info=\u00bb{}\u00bb follow_button=\u00bboff\u00bb url_new_window=\u00bbon\u00bb]facebook[\/et_pb_social_media_follow_network][et_pb_social_media_follow_network social_network=\u00bbtwitter\u00bb _builder_version=\u00bb4.16&#8243; custom_padding=\u00bb|10px||10px||true\u00bb global_colors_info=\u00bb{}\u00bb follow_button=\u00bboff\u00bb url_new_window=\u00bbon\u00bb]twitter[\/et_pb_social_media_follow_network][et_pb_social_media_follow_network social_network=\u00bblinkedin\u00bb _builder_version=\u00bb4.16&#8243; custom_padding=\u00bb|10px||10px||true\u00bb global_colors_info=\u00bb{}\u00bb follow_button=\u00bboff\u00bb url_new_window=\u00bbon\u00bb]linkedin[\/et_pb_social_media_follow_network][\/et_pb_social_media_follow][\/et_pb_column][\/et_pb_row][\/et_pb_section][et_pb_section fb_built=\u00bb1&#8243; fullwidth=\u00bbon\u00bb _builder_version=\u00bb4.27.4&#8243; _module_preset=\u00bbdefault\u00bb global_colors_info=\u00bb{}\u00bb][et_pb_fullwidth_code _builder_version=\u00bb4.27.4&#8243; _module_preset=\u00bbdefault\u00bb global_colors_info=\u00bb{}\u00bb]<iframe src=\"https:\/\/www.google.com\/maps\/embed?pb=!1m18!1m12!1m3!1d56956.263549580144!2d-65.35014187832029!3d-26.847379!2m3!1f0!2f0!3f0!3m2!1i1024!2i768!4f13.1!3m3!1m2!1s0x94225cae3ef10ac1%3A0xba671491ca8cdb07!2sSermetal!5e0!3m2!1ses-419!2sar!4v1753903232401!5m2!1ses-419!2sar\" width=\"100%\" height=\"450\" style=\"border:0;\" allowfullscreen=\"\" loading=\"lazy\" referrerpolicy=\"no-referrer-when-downgrade\"><\/iframe>[\/et_pb_fullwidth_code][\/et_pb_section]<\/p>\n","protected":false},"excerpt":{"rendered":"<p>ContactoLlame al: +54 9 3813 363338 Estamos listos para hacer realidad su proyectoEscr\u00edbenosInformaci\u00f3n de ContactoRuta 301 Km 8, San Pablo (CP 4129), Tucum\u00e1n, Argentina+54 9 381 3363338 +54 9 381 4041109info@sermetal.com.ar<\/p>\n","protected":false},"author":1,"featured_media":0,"parent":0,"menu_order":0,"comment_status":"closed","ping_status":"closed","template":"","meta":{"_et_pb_use_builder":"on","_et_pb_old_content":"","_et_gb_content_width":"","footnotes":""},"class_list":["post-116","page","type-page","status-publish","hentry"],"_links":{"self":[{"href":"https:\/\/sermetal.com.ar\/index.php\/wp-json\/wp\/v2\/pages\/116","targetHints":{"allow":["GET"]}}],"collection":[{"href":"https:\/\/sermetal.com.ar\/index.php\/wp-json\/wp\/v2\/pages"}],"about":[{"href":"https:\/\/sermetal.com.ar\/index.php\/wp-json\/wp\/v2\/types\/page"}],"author":[{"embeddable":true,"href":"https:\/\/sermetal.com.ar\/index.php\/wp-json\/wp\/v2\/users\/1"}],"replies":[{"embeddable":true,"href":"https:\/\/sermetal.com.ar\/index.php\/wp-json\/wp\/v2\/comments?post=116"}],"version-history":[{"count":0,"href":"https:\/\/sermetal.com.ar\/index.php\/wp-json\/wp\/v2\/pages\/116\/revisions"}],"wp:attachment":[{"href":"https:\/\/sermetal.com.ar\/index.php\/wp-json\/wp\/v2\/media?parent=116"}],"curies":[{"name":"wp","href":"https:\/\/api.w.org\/{rel}","templated":true}]}}